{"id":49,"date":"2015-05-01T17:02:24","date_gmt":"2015-05-01T17:02:24","guid":{"rendered":"http:\/\/mistelecos.com\/?page_id=49"},"modified":"2015-05-03T19:59:15","modified_gmt":"2015-05-03T19:59:15","slug":"pago-mucho-o-son-cosas-mias","status":"publish","type":"page","link":"http:\/\/mistelecos.com\/?page_id=49","title":{"rendered":"Pago mucho? o son cosas m\u00edas?"},"content":{"rendered":"<p><a href=\"http:\/\/mistelecos.com\/wp-content\/uploads\/2015\/05\/Los-Minions-Minion-At-The-Dentist-250x310.jpg\"><img loading=\"lazy\" decoding=\"async\" class=\" size-medium wp-image-108 aligncenter\" src=\"http:\/\/mistelecos.com\/wp-content\/uploads\/2015\/05\/Los-Minions-Minion-At-The-Dentist-250x310-242x300.jpg\" alt=\"Los-Minions-Minion-At-The-Dentist-250x310\" width=\"242\" height=\"300\" srcset=\"http:\/\/mistelecos.com\/wp-content\/uploads\/2015\/05\/Los-Minions-Minion-At-The-Dentist-250x310-242x300.jpg 242w, http:\/\/mistelecos.com\/wp-content\/uploads\/2015\/05\/Los-Minions-Minion-At-The-Dentist-250x310.jpg 250w\" sizes=\"auto, (max-width: 242px) 100vw, 242px\" \/><\/a><\/p>\n<p>No te preoupes &#8230; \u00bfqui\u00e9n no se ha hecho varias veces esta pregunta?<\/p>\n<p>Es normal , no\u00a0es tu trabajo el conocer si lo que contrataste hace 6 meses ya se qued\u00f3 obsoleto hoy. Ese es nuestro trabajo.<\/p>\n<p>Adem\u00e1s , muchas veces la cuesti\u00f3n no es s\u00f3lo si pago mucho o poco, o desconfiar de lo que nos facturan,&#8230;\u00bfqui\u00e9n te asegura que lo que tenemos es lo que necesitamos? pero estamos dispuestos a optimizar tus consumos y servicios, sin problema alguno para ti&#8230;<\/p>\n<p>&#8230;\u00bfC\u00f3mo? sencillo s\u00f3lo necesitamos hacernos un planteamiento global de tus comunicaciones a trav\u00e9s de tus facturas. Y nosostros te indicaremos que es lo que esta obsoleto, que esta mal facturado y que es innecesario.<\/p>\n<p style=\"text-align: center;\"><a href=\"http:\/\/mistelecos.com\/?p=112\">adem\u00e1s somos consultores eficaces<\/a><\/p>\n","protected":false},"excerpt":{"rendered":"<p>No te preoupes &#8230; \u00bfqui\u00e9n no se ha hecho varias veces esta pregunta? Es normal , no\u00a0es tu trabajo el conocer si lo que contrataste hace 6 meses ya se qued\u00f3 obsoleto hoy. Ese es nuestro trabajo. Adem\u00e1s , muchas veces la cuesti\u00f3n no es s\u00f3lo si pago mucho o poco, o desconfiar de lo &hellip; <a href=\"http:\/\/mistelecos.com\/?page_id=49\" class=\"more-link\">Seguir leyendo <span class=\"screen-reader-text\">Pago mucho? o son cosas m\u00edas?<\/span> <span class=\"meta-nav\">&rarr;<\/span><\/a><\/p>\n","protected":false},"author":1,"featured_media":0,"parent":0,"menu_order":0,"comment_status":"open","ping_status":"open","template":"","meta":{"footnotes":""},"class_list":["post-49","page","type-page","status-publish","hentry"],"_links":{"self":[{"href":"http:\/\/mistelecos.com\/index.php?rest_route=\/wp\/v2\/pages\/49","targetHints":{"allow":["GET"]}}],"collection":[{"href":"http:\/\/mistelecos.com\/index.php?rest_route=\/wp\/v2\/pages"}],"about":[{"href":"http:\/\/mistelecos.com\/index.php?rest_route=\/wp\/v2\/types\/page"}],"author":[{"embeddable":true,"href":"http:\/\/mistelecos.com\/index.php?rest_route=\/wp\/v2\/users\/1"}],"replies":[{"embeddable":true,"href":"http:\/\/mistelecos.com\/index.php?rest_route=%2Fwp%2Fv2%2Fcomments&post=49"}],"version-history":[{"count":6,"href":"http:\/\/mistelecos.com\/index.php?rest_route=\/wp\/v2\/pages\/49\/revisions"}],"predecessor-version":[{"id":131,"href":"http:\/\/mistelecos.com\/index.php?rest_route=\/wp\/v2\/pages\/49\/revisions\/131"}],"wp:attachment":[{"href":"http:\/\/mistelecos.com\/index.php?rest_route=%2Fwp%2Fv2%2Fmedia&parent=49"}],"curies":[{"name":"wp","href":"https:\/\/api.w.org\/{rel}","templated":true}]}}