{"id":53,"date":"2015-05-01T17:04:14","date_gmt":"2015-05-01T17:04:14","guid":{"rendered":"http:\/\/mistelecos.com\/?page_id=53"},"modified":"2018-10-25T06:56:23","modified_gmt":"2018-10-25T06:56:23","slug":"necesito-una-centralita-o-no","status":"publish","type":"page","link":"http:\/\/mistelecos.com\/?page_id=53","title":{"rendered":"Necesito una Centralita&#8230; \u00bfo no?"},"content":{"rendered":"<p><a href=\"http:\/\/mistelecos.com\/wp-content\/uploads\/2015\/04\/PRESUPUESTO.jpg\"><img loading=\"lazy\" decoding=\"async\" class=\" wp-image-17 aligncenter\" src=\"http:\/\/mistelecos.com\/wp-content\/uploads\/2015\/04\/PRESUPUESTO.jpg\" alt=\"PRESUPUESTO\" width=\"194\" height=\"165\" \/><\/a>Hay varias preguntas que debemos hacernos para conocer si realmente necesitamos una centralita telef\u00f3nica, o bien podemos sustituirla por\u00a0otros sistemas alternativos.<\/p>\n<p>La<strong> principal funci\u00f3n de una central telef\u00f3nica<\/strong> es la gesti\u00f3n de nuestras lineas y nuestros usuarios, es decir: <strong>transferir llamadas<\/strong> de un usuario a otro.<\/p>\n<p>Es importante<strong> optimizar nuestros recursos<\/strong>, es decir dimensionar bien el n\u00famero de l\u00edneas con respecto a nuestros usuarios (extensiones). \u00a0No tiene mucho sentido tener 15 lineas telefonicas para 4 usuarios, como tampoco lo tiene tener una linea\u00a0telefonica para 125 usuarios. Con car\u00e1cter general suele cumplirse en la mayor\u00eda de las centrales telef\u00f3nicas disponer de 1 linea por cada 2,8 extensiones. Si no prestamos la suficiente atenci\u00f3n a este tema podremos sufrir el grave s\u00edntoma de COMUNICAR cuando nos llamen o PAGAR CUOTAS que realmente no necesitamos.<\/p>\n<p>Una vez estemos convencidos que necesitamos una centralita, tenemos que decidir que centralita vamos a necesitar en funcion de la tecnolog\u00eda de nuestras lineas: \u00a0Analogicas, RDSI, Voip, GSM, Virtuales, Mixtas\u2026<\/p>\n<p>Como este tema es muy extenso, si realmente estas interesado, te aconsejo eches un vistazo al siguiente art\u00edculo donde explicar\u00e9 mas detenidamente cada una de estas modalidades<\/p>\n<p style=\"text-align: center;\"><a href=\"http:\/\/mistelecos.com\/?p=147\">Tipolog\u00edas de Centrales Telef\u00f3nicas<\/a><\/p>\n<p>Las marcas de los diferentes equipos que nosotros trabajamos , y por supuesto recomendamos son:<\/p>\n<p><strong>Panasonic, Yealink y \u00a0LCR<\/strong> principalmente. Por supuesto que existen muchas mas marcas y conocidas, pero estas son las que nosotros aconsejamos por su fiabilidad y relaci\u00f3n calidad\/precio.<a href=\"http:\/\/mistelecos.com\/wp-content\/uploads\/2018\/10\/mutimarca-productos2.png\"><img loading=\"lazy\" decoding=\"async\" class=\"size-medium wp-image-248 aligncenter\" src=\"http:\/\/mistelecos.com\/wp-content\/uploads\/2018\/10\/mutimarca-productos2-300x90.png\" alt=\"\" width=\"300\" height=\"90\" srcset=\"http:\/\/mistelecos.com\/wp-content\/uploads\/2018\/10\/mutimarca-productos2-300x90.png 300w, http:\/\/mistelecos.com\/wp-content\/uploads\/2018\/10\/mutimarca-productos2-768x230.png 768w, http:\/\/mistelecos.com\/wp-content\/uploads\/2018\/10\/mutimarca-productos2-1024x307.png 1024w, http:\/\/mistelecos.com\/wp-content\/uploads\/2018\/10\/mutimarca-productos2.png 1201w\" sizes=\"auto, (max-width: 300px) 100vw, 300px\" \/><\/a><\/p>\n<p>&nbsp;<\/p>\n","protected":false},"excerpt":{"rendered":"<p>Hay varias preguntas que debemos hacernos para conocer si realmente necesitamos una centralita telef\u00f3nica, o bien podemos sustituirla por\u00a0otros sistemas alternativos. La principal funci\u00f3n de una central telef\u00f3nica es la gesti\u00f3n de nuestras lineas y nuestros usuarios, es decir: transferir llamadas de un usuario a otro. Es importante optimizar nuestros recursos, es decir dimensionar bien &hellip; <a href=\"http:\/\/mistelecos.com\/?page_id=53\" class=\"more-link\">Seguir leyendo <span class=\"screen-reader-text\">Necesito una Centralita&#8230; \u00bfo no?<\/span> <span class=\"meta-nav\">&rarr;<\/span><\/a><\/p>\n","protected":false},"author":1,"featured_media":0,"parent":0,"menu_order":0,"comment_status":"open","ping_status":"open","template":"","meta":{"footnotes":""},"class_list":["post-53","page","type-page","status-publish","hentry"],"_links":{"self":[{"href":"http:\/\/mistelecos.com\/index.php?rest_route=\/wp\/v2\/pages\/53","targetHints":{"allow":["GET"]}}],"collection":[{"href":"http:\/\/mistelecos.com\/index.php?rest_route=\/wp\/v2\/pages"}],"about":[{"href":"http:\/\/mistelecos.com\/index.php?rest_route=\/wp\/v2\/types\/page"}],"author":[{"embeddable":true,"href":"http:\/\/mistelecos.com\/index.php?rest_route=\/wp\/v2\/users\/1"}],"replies":[{"embeddable":true,"href":"http:\/\/mistelecos.com\/index.php?rest_route=%2Fwp%2Fv2%2Fcomments&post=53"}],"version-history":[{"count":15,"href":"http:\/\/mistelecos.com\/index.php?rest_route=\/wp\/v2\/pages\/53\/revisions"}],"predecessor-version":[{"id":249,"href":"http:\/\/mistelecos.com\/index.php?rest_route=\/wp\/v2\/pages\/53\/revisions\/249"}],"wp:attachment":[{"href":"http:\/\/mistelecos.com\/index.php?rest_route=%2Fwp%2Fv2%2Fmedia&parent=53"}],"curies":[{"name":"wp","href":"https:\/\/api.w.org\/{rel}","templated":true}]}}