{"id":55,"date":"2015-05-01T17:05:59","date_gmt":"2015-05-01T17:05:59","guid":{"rendered":"http:\/\/mistelecos.com\/?page_id=55"},"modified":"2015-05-03T20:00:49","modified_gmt":"2015-05-03T20:00:49","slug":"tengo-dudas-sobre-mis-facturas","status":"publish","type":"page","link":"http:\/\/mistelecos.com\/?page_id=55","title":{"rendered":"Tengo dudas sobre mis facturas&#8230;"},"content":{"rendered":"<p><a href=\"http:\/\/mistelecos.com\/wp-content\/uploads\/2015\/05\/emoticones-DUDA.jpg\"><img loading=\"lazy\" decoding=\"async\" class=\" size-medium wp-image-71 aligncenter\" src=\"http:\/\/mistelecos.com\/wp-content\/uploads\/2015\/05\/emoticones-DUDA-300x178.jpg\" alt=\"emoticones-DUDA\" width=\"300\" height=\"178\" srcset=\"http:\/\/mistelecos.com\/wp-content\/uploads\/2015\/05\/emoticones-DUDA-300x178.jpg 300w, http:\/\/mistelecos.com\/wp-content\/uploads\/2015\/05\/emoticones-DUDA.jpg 630w\" sizes=\"auto, (max-width: 300px) 100vw, 300px\" \/><\/a><\/p>\n<p>&nbsp;<\/p>\n<p>No ser\u00edas el primero que piensa que las facturas de telefon\u00eda, Internet, m\u00f3vil, etc&#8230; las dise\u00f1an para que no las entendamos. Y es que no todos podemos tener un master en econom\u00eda para traducir tan complejas notas contables.<\/p>\n<p>Si necesitas <strong>traducir<\/strong> este galimat\u00edas contacta con nosotros y te ayudaremos a descifrar la piedra roseta de tus comunicaciones.<\/p>\n<p>Te asesoramos sobre que es lo mejor, y si lo necesitas adem\u00e1s puedes contratarnos como tus asesores.<\/p>\n<p style=\"text-align: center;\"><a href=\"http:\/\/mistelecos.com\/?p=112\">ademas somos consultores eficaces<\/a><\/p>\n","protected":false},"excerpt":{"rendered":"<p>&nbsp; No ser\u00edas el primero que piensa que las facturas de telefon\u00eda, Internet, m\u00f3vil, etc&#8230; las dise\u00f1an para que no las entendamos. Y es que no todos podemos tener un master en econom\u00eda para traducir tan complejas notas contables. Si necesitas traducir este galimat\u00edas contacta con nosotros y te ayudaremos a descifrar la piedra roseta &hellip; <a href=\"http:\/\/mistelecos.com\/?page_id=55\" class=\"more-link\">Seguir leyendo <span class=\"screen-reader-text\">Tengo dudas sobre mis facturas&#8230;<\/span> <span class=\"meta-nav\">&rarr;<\/span><\/a><\/p>\n","protected":false},"author":1,"featured_media":0,"parent":0,"menu_order":0,"comment_status":"open","ping_status":"open","template":"","meta":{"footnotes":""},"class_list":["post-55","page","type-page","status-publish","hentry"],"_links":{"self":[{"href":"http:\/\/mistelecos.com\/index.php?rest_route=\/wp\/v2\/pages\/55","targetHints":{"allow":["GET"]}}],"collection":[{"href":"http:\/\/mistelecos.com\/index.php?rest_route=\/wp\/v2\/pages"}],"about":[{"href":"http:\/\/mistelecos.com\/index.php?rest_route=\/wp\/v2\/types\/page"}],"author":[{"embeddable":true,"href":"http:\/\/mistelecos.com\/index.php?rest_route=\/wp\/v2\/users\/1"}],"replies":[{"embeddable":true,"href":"http:\/\/mistelecos.com\/index.php?rest_route=%2Fwp%2Fv2%2Fcomments&post=55"}],"version-history":[{"count":12,"href":"http:\/\/mistelecos.com\/index.php?rest_route=\/wp\/v2\/pages\/55\/revisions"}],"predecessor-version":[{"id":65,"href":"http:\/\/mistelecos.com\/index.php?rest_route=\/wp\/v2\/pages\/55\/revisions\/65"}],"wp:attachment":[{"href":"http:\/\/mistelecos.com\/index.php?rest_route=%2Fwp%2Fv2%2Fmedia&parent=55"}],"curies":[{"name":"wp","href":"https:\/\/api.w.org\/{rel}","templated":true}]}}